{"id":117,"date":"2012-11-06T10:19:16","date_gmt":"2012-11-06T10:19:16","guid":{"rendered":"http:\/\/www.lacasadelnazareno.com\/?page_id=117"},"modified":"2015-10-28T12:07:21","modified_gmt":"2015-10-28T12:07:21","slug":"articulos-tunicas-nazarenos-costaleros-capirotes-bordados-cingulos-zapatillas-cordones-alpargatas-tejidos","status":"publish","type":"page","link":"https:\/\/www.lacasadelnazareno.com\/index.php\/articulos-tunicas-nazarenos-costaleros-capirotes-bordados-cingulos-zapatillas-cordones-alpargatas-tejidos\/","title":{"rendered":"Art\u00edculos"},"content":{"rendered":"<h2><a id=\"Capirotes\" name=\"Capirotes\"><\/a>Capirotes<\/h2>\n<p style=\"text-align: justify;\">Capirotes a medida (para Hermandades precios especiales), cordones de medalla, espartos, banderines, mantolines, cordones de promesa y c\u00edngulos en seda.<\/p>\n<p><a href=\"https:\/\/www.lacasadelnazareno.com\/wp-content\/uploads\/2012\/11\/capirotes4.jpg\"><img decoding=\"async\" class=\"alignleft size-full wp-image-173\" title=\"capirotes4\" src=\"https:\/\/www.lacasadelnazareno.com\/wp-content\/uploads\/2012\/11\/capirotes4.jpg\" alt=\"\" width=\"220\" srcset=\"https:\/\/www.lacasadelnazareno.com\/wp-content\/uploads\/2012\/11\/capirotes4.jpg 608w, https:\/\/www.lacasadelnazareno.com\/wp-content\/uploads\/2012\/11\/capirotes4-300x210.jpg 300w, https:\/\/www.lacasadelnazareno.com\/wp-content\/uploads\/2012\/11\/capirotes4-427x300.jpg 427w\" sizes=\"(max-width: 608px) 100vw, 608px\" \/><\/a><a href=\"https:\/\/www.lacasadelnazareno.com\/wp-content\/uploads\/2012\/11\/capirotes3.jpg\"><img decoding=\"async\" class=\"alignleft size-full wp-image-173\" title=\"capirotes4\" src=\"https:\/\/www.lacasadelnazareno.com\/wp-content\/uploads\/2012\/11\/capirotes3.jpg\" alt=\"\" width=\"220\" \/><\/a><a href=\"https:\/\/www.lacasadelnazareno.com\/wp-content\/uploads\/2012\/11\/capirotes2.jpg\"><img decoding=\"async\" class=\"alignleft size-full wp-image-173\" title=\"capirotes4\" src=\"https:\/\/www.lacasadelnazareno.com\/wp-content\/uploads\/2012\/11\/capirotes2.jpg\" alt=\"\" width=\"220\" \/><\/a><a href=\"https:\/\/www.lacasadelnazareno.com\/wp-content\/uploads\/2012\/11\/capirotes1.jpg\"><img decoding=\"async\" class=\"alignleft size-full wp-image-173\" title=\"capirotes4\" src=\"https:\/\/www.lacasadelnazareno.com\/wp-content\/uploads\/2012\/11\/capirotes1.jpg\" alt=\"\" width=\"220\" \/><\/a><\/p>\n<div style=\"height: 1px; width: 100%; background: #FFA903; margin-bottom: 20px; margin-top: 195px;\"><\/div>\n<h2><a id=\"Bordados\" name=\"Bordados\"><\/a>Bordados<\/h2>\n<p style=\"text-align: justify;\">Escudos bordados a mano de todas las hermandades.<\/p>\n<p style=\"text-align: justify;\">Broches para faldones, bordados de piezas, fajines para cristos, bordados de letras de oro, galones, encajes, flecos, borlas, cordones, escudos de profesiones, escudos de tunas y her\u00e1ldicas de hermandades.<\/p>\n<p><a href=\"https:\/\/www.lacasadelnazareno.com\/wp-content\/uploads\/2012\/11\/bordado1.jpg\"><img decoding=\"async\" class=\"alignleft size-full wp-image-156\" title=\"bordado1\" src=\"https:\/\/www.lacasadelnazareno.com\/wp-content\/uploads\/2012\/11\/bordado1.jpg\" alt=\"\" width=\"220\" srcset=\"https:\/\/www.lacasadelnazareno.com\/wp-content\/uploads\/2012\/11\/bordado1.jpg 900w, https:\/\/www.lacasadelnazareno.com\/wp-content\/uploads\/2012\/11\/bordado1-300x210.jpg 300w, https:\/\/www.lacasadelnazareno.com\/wp-content\/uploads\/2012\/11\/bordado1-427x300.jpg 427w\" sizes=\"(max-width: 900px) 100vw, 900px\" \/><\/a><a href=\"https:\/\/www.lacasadelnazareno.com\/wp-content\/uploads\/2012\/11\/bordado2.jpg\"><img decoding=\"async\" class=\"alignleft size-full wp-image-157\" title=\"bordado2\" src=\"https:\/\/www.lacasadelnazareno.com\/wp-content\/uploads\/2012\/11\/bordado2.jpg\" alt=\"\" width=\"220\" srcset=\"https:\/\/www.lacasadelnazareno.com\/wp-content\/uploads\/2012\/11\/bordado2.jpg 900w, https:\/\/www.lacasadelnazareno.com\/wp-content\/uploads\/2012\/11\/bordado2-300x210.jpg 300w, https:\/\/www.lacasadelnazareno.com\/wp-content\/uploads\/2012\/11\/bordado2-427x300.jpg 427w\" sizes=\"(max-width: 900px) 100vw, 900px\" \/><\/a><a href=\"https:\/\/www.lacasadelnazareno.com\/wp-content\/uploads\/2012\/11\/bordado3.jpg\"><img decoding=\"async\" class=\"alignleft size-full wp-image-158\" title=\"bordado3\" src=\"https:\/\/www.lacasadelnazareno.com\/wp-content\/uploads\/2012\/11\/bordado3.jpg\" alt=\"\" width=\"220\" srcset=\"https:\/\/www.lacasadelnazareno.com\/wp-content\/uploads\/2012\/11\/bordado3.jpg 900w, https:\/\/www.lacasadelnazareno.com\/wp-content\/uploads\/2012\/11\/bordado3-300x210.jpg 300w, https:\/\/www.lacasadelnazareno.com\/wp-content\/uploads\/2012\/11\/bordado3-427x300.jpg 427w\" sizes=\"(max-width: 900px) 100vw, 900px\" \/><\/a><a href=\"https:\/\/www.lacasadelnazareno.com\/wp-content\/uploads\/2012\/11\/bordado4.jpg\"><img decoding=\"async\" class=\"alignleft size-full wp-image-159\" title=\"bordado4\" src=\"https:\/\/www.lacasadelnazareno.com\/wp-content\/uploads\/2012\/11\/bordado4.jpg\" alt=\"\" width=\"220\" srcset=\"https:\/\/www.lacasadelnazareno.com\/wp-content\/uploads\/2012\/11\/bordado4.jpg 900w, https:\/\/www.lacasadelnazareno.com\/wp-content\/uploads\/2012\/11\/bordado4-300x210.jpg 300w, https:\/\/www.lacasadelnazareno.com\/wp-content\/uploads\/2012\/11\/bordado4-427x300.jpg 427w\" sizes=\"(max-width: 900px) 100vw, 900px\" \/><\/a><\/p>\n<div style=\"height: 1px; width: 100%; background: #FFA903; margin-bottom: 20px; margin-top: 195px;\"><\/div>\n<h2><a id=\"Costaleros\" name=\"Costaleros\"><\/a>Costaleros<\/h2>\n<p style=\"text-align: justify;\">Costales, fajas (negras y de colores), espartos, pantalones (blancos y negros), alpargatas, fajas de ni\u00f1o, zapatillas y hebillas, sandalias beige y negras, guantes de algod\u00f3n y piel, varas de ni\u00f1o y canastos, carb\u00f3n, incienso, botas, botines, sudaderas, camisetas, morcillas, ri\u00f1oneras&#8230;<\/p>\n<p><a href=\"https:\/\/www.lacasadelnazareno.com\/wp-content\/uploads\/2012\/11\/costalero1.jpg\"><img decoding=\"async\" class=\"alignleft size-full wp-image-166\" title=\"costalero1\" src=\"https:\/\/www.lacasadelnazareno.com\/wp-content\/uploads\/2012\/11\/costalero1.jpg\" alt=\"\" width=\"220\" srcset=\"https:\/\/www.lacasadelnazareno.com\/wp-content\/uploads\/2012\/11\/costalero1.jpg 900w, https:\/\/www.lacasadelnazareno.com\/wp-content\/uploads\/2012\/11\/costalero1-300x210.jpg 300w, https:\/\/www.lacasadelnazareno.com\/wp-content\/uploads\/2012\/11\/costalero1-427x300.jpg 427w\" sizes=\"(max-width: 900px) 100vw, 900px\" \/><\/a><a href=\"https:\/\/www.lacasadelnazareno.com\/wp-content\/uploads\/2012\/11\/costalero2.jpg\"><img decoding=\"async\" class=\"alignleft size-full wp-image-167\" title=\"costalero2\" src=\"https:\/\/www.lacasadelnazareno.com\/wp-content\/uploads\/2012\/11\/costalero2.jpg\" alt=\"\" width=\"220\" srcset=\"https:\/\/www.lacasadelnazareno.com\/wp-content\/uploads\/2012\/11\/costalero2.jpg 900w, https:\/\/www.lacasadelnazareno.com\/wp-content\/uploads\/2012\/11\/costalero2-300x210.jpg 300w, https:\/\/www.lacasadelnazareno.com\/wp-content\/uploads\/2012\/11\/costalero2-427x300.jpg 427w\" sizes=\"(max-width: 900px) 100vw, 900px\" \/><\/a><a href=\"https:\/\/www.lacasadelnazareno.com\/wp-content\/uploads\/2012\/11\/costalero3.jpg\"><img decoding=\"async\" class=\"alignleft size-full wp-image-168\" title=\"costalero3\" src=\"https:\/\/www.lacasadelnazareno.com\/wp-content\/uploads\/2012\/11\/costalero3.jpg\" alt=\"\" width=\"220\" srcset=\"https:\/\/www.lacasadelnazareno.com\/wp-content\/uploads\/2012\/11\/costalero3.jpg 900w, https:\/\/www.lacasadelnazareno.com\/wp-content\/uploads\/2012\/11\/costalero3-300x210.jpg 300w, https:\/\/www.lacasadelnazareno.com\/wp-content\/uploads\/2012\/11\/costalero3-427x300.jpg 427w\" sizes=\"(max-width: 900px) 100vw, 900px\" \/><\/a><a href=\"https:\/\/www.lacasadelnazareno.com\/wp-content\/uploads\/2012\/11\/costalero4.jpg\"><img decoding=\"async\" class=\"alignleft size-full wp-image-169\" title=\"costalero4\" src=\"https:\/\/www.lacasadelnazareno.com\/wp-content\/uploads\/2012\/11\/costalero4.jpg\" alt=\"\" width=\"220\" srcset=\"https:\/\/www.lacasadelnazareno.com\/wp-content\/uploads\/2012\/11\/costalero4.jpg 900w, https:\/\/www.lacasadelnazareno.com\/wp-content\/uploads\/2012\/11\/costalero4-300x210.jpg 300w, https:\/\/www.lacasadelnazareno.com\/wp-content\/uploads\/2012\/11\/costalero4-427x300.jpg 427w\" sizes=\"(max-width: 900px) 100vw, 900px\" \/><\/a><\/p>\n<div style=\"height: 1px; width: 100%; background: #FFA903; margin-bottom: 20px; margin-top: 195px;\"><\/div>\n<h4><a id=\"Tejidos\" name=\"Tejidos\"><\/a>Tejidos<\/h4>\n<p style=\"text-align: justify;\">CONFECCIONAMOS: t\u00fanicas a medida, dalm\u00e1ticas, albas, roquetes, t\u00fanicas para cristos, ropas de monaguillo, mantos y sayas para v\u00edrgenes, ropones de pertiguero, brocado, damasco, tis\u00fa, terciopelo, raso, lana, tela plana, ru\u00e1n forro y botones.<\/p>\n<p><a href=\"https:\/\/www.lacasadelnazareno.com\/wp-content\/uploads\/2012\/11\/tejido1.jpg\"><img decoding=\"async\" class=\"alignleft size-full wp-image-161\" title=\"tejido1\" src=\"https:\/\/www.lacasadelnazareno.com\/wp-content\/uploads\/2012\/11\/tejido1.jpg\" alt=\"\" width=\"220\" srcset=\"https:\/\/www.lacasadelnazareno.com\/wp-content\/uploads\/2012\/11\/tejido1.jpg 900w, https:\/\/www.lacasadelnazareno.com\/wp-content\/uploads\/2012\/11\/tejido1-300x210.jpg 300w, https:\/\/www.lacasadelnazareno.com\/wp-content\/uploads\/2012\/11\/tejido1-427x300.jpg 427w\" sizes=\"(max-width: 900px) 100vw, 900px\" \/><\/a><a href=\"https:\/\/www.lacasadelnazareno.com\/wp-content\/uploads\/2012\/11\/tejido2.jpg\"><img decoding=\"async\" class=\"alignleft size-full wp-image-162\" title=\"tejido2\" src=\"https:\/\/www.lacasadelnazareno.com\/wp-content\/uploads\/2012\/11\/tejido2.jpg\" alt=\"\" width=\"220\" srcset=\"https:\/\/www.lacasadelnazareno.com\/wp-content\/uploads\/2012\/11\/tejido2.jpg 900w, https:\/\/www.lacasadelnazareno.com\/wp-content\/uploads\/2012\/11\/tejido2-300x210.jpg 300w, https:\/\/www.lacasadelnazareno.com\/wp-content\/uploads\/2012\/11\/tejido2-427x300.jpg 427w\" sizes=\"(max-width: 900px) 100vw, 900px\" \/><\/a><a href=\"https:\/\/www.lacasadelnazareno.com\/wp-content\/uploads\/2012\/11\/tejido3.jpg\"><img decoding=\"async\" class=\"alignleft size-full wp-image-163\" title=\"tejido3\" src=\"https:\/\/www.lacasadelnazareno.com\/wp-content\/uploads\/2012\/11\/tejido3.jpg\" alt=\"\" width=\"220\" srcset=\"https:\/\/www.lacasadelnazareno.com\/wp-content\/uploads\/2012\/11\/tejido3.jpg 900w, https:\/\/www.lacasadelnazareno.com\/wp-content\/uploads\/2012\/11\/tejido3-300x210.jpg 300w, https:\/\/www.lacasadelnazareno.com\/wp-content\/uploads\/2012\/11\/tejido3-427x300.jpg 427w\" sizes=\"(max-width: 900px) 100vw, 900px\" \/><\/a><a href=\"https:\/\/www.lacasadelnazareno.com\/wp-content\/uploads\/2012\/11\/tejido4.jpg\"><img decoding=\"async\" class=\"alignleft size-full wp-image-164\" title=\"tejido4\" src=\"https:\/\/www.lacasadelnazareno.com\/wp-content\/uploads\/2012\/11\/tejido4.jpg\" alt=\"\" width=\"220\" srcset=\"https:\/\/www.lacasadelnazareno.com\/wp-content\/uploads\/2012\/11\/tejido4.jpg 900w, https:\/\/www.lacasadelnazareno.com\/wp-content\/uploads\/2012\/11\/tejido4-300x210.jpg 300w, https:\/\/www.lacasadelnazareno.com\/wp-content\/uploads\/2012\/11\/tejido4-427x300.jpg 427w\" sizes=\"(max-width: 900px) 100vw, 900px\" \/><\/a><\/p>\n","protected":false},"excerpt":{"rendered":"<p>Capirotes Capirotes a medida (para Hermandades precios especiales), cordones de medalla, espartos, banderines, mantolines, cordones de promesa y c\u00edngulos en seda. Bordados Escudos bordados a mano de todas las hermandades. Broches para faldones, bordados de piezas, fajines para cristos, bordados de letras de oro, galones, encajes, flecos, borlas, cordones, escudos de profesiones, escudos de tunas [&hellip;]<\/p>\n","protected":false},"author":1,"featured_media":0,"parent":0,"menu_order":0,"comment_status":"closed","ping_status":"closed","template":"","meta":[],"_links":{"self":[{"href":"https:\/\/www.lacasadelnazareno.com\/index.php\/wp-json\/wp\/v2\/pages\/117"}],"collection":[{"href":"https:\/\/www.lacasadelnazareno.com\/index.php\/wp-json\/wp\/v2\/pages"}],"about":[{"href":"https:\/\/www.lacasadelnazareno.com\/index.php\/wp-json\/wp\/v2\/types\/page"}],"author":[{"embeddable":true,"href":"https:\/\/www.lacasadelnazareno.com\/index.php\/wp-json\/wp\/v2\/users\/1"}],"replies":[{"embeddable":true,"href":"https:\/\/www.lacasadelnazareno.com\/index.php\/wp-json\/wp\/v2\/comments?post=117"}],"version-history":[{"count":46,"href":"https:\/\/www.lacasadelnazareno.com\/index.php\/wp-json\/wp\/v2\/pages\/117\/revisions"}],"predecessor-version":[{"id":261,"href":"https:\/\/www.lacasadelnazareno.com\/index.php\/wp-json\/wp\/v2\/pages\/117\/revisions\/261"}],"wp:attachment":[{"href":"https:\/\/www.lacasadelnazareno.com\/index.php\/wp-json\/wp\/v2\/media?parent=117"}],"curies":[{"name":"wp","href":"https:\/\/api.w.org\/{rel}","templated":true}]}}